{"id":932,"date":"2014-10-05T16:55:56","date_gmt":"2014-10-05T16:55:56","guid":{"rendered":"http:\/\/hstconsultora.com.ar\/web\/?page_id=932"},"modified":"2019-11-03T16:27:25","modified_gmt":"2019-11-03T16:27:25","slug":"cursos-y-programas","status":"publish","type":"page","link":"https:\/\/hstconsultora.com.ar\/web\/cursos-y-programas\/","title":{"rendered":"Pr\u00f3ximos Cursos y Programas"},"content":{"rendered":"<div style=\"width: 960px; margin:auto;\"><img decoding=\"async\" src=\"https:\/\/hstconsultora.com.ar\/web\/wp-content\/uploads\/2016\/03\/banner-web-05.png\" alt=\"banner-wide-capacitacion\"><\/p>\n<p><\/br><\/p>\n<h2>Pr\u00f3ximos Cursos y Programas:<\/h2>\n<p><\/br><\/br><\/p>\n<p><a href=\"https:\/\/hstconsultora.com.ar\/web\/normas-iso-9000-y-9001-cambios-en-las-versiones-2015-informacion\/\"><img loading=\"lazy\" decoding=\"async\" src=\"https:\/\/hstconsultora.com.ar\/web\/wp-content\/uploads\/2017\/03\/introduccion-normas-2017.png\" alt=\"introduccion-normas-2017\" width=\"204\" height=\"155\" class=\"alignleft size-full wp-image-1200\" \/><\/a><a href=\"https:\/\/hstconsultora.com.ar\/web\/formacion-de-auditores-internos-de%E2%80%A8-los-sistemas-de-gestion-de-la-calidad-ambiental-y-seguridad-y-salud-en-el-trabajo\/\"><img loading=\"lazy\" decoding=\"async\" src=\"https:\/\/hstconsultora.com.ar\/web\/wp-content\/uploads\/2014\/10\/formacion-auditores-2015.png\" alt=\"formacion-auditores-2015\" width=\"203\" height=\"155\" class=\"alignleft size-full wp-image-1199\" \/><\/a><a href=\"https:\/\/hstconsultora.com.ar\/web\/formacion-de-analistas-de-procesos-y-calidad\/\"><img loading=\"lazy\" decoding=\"async\" src=\"https:\/\/hstconsultora.com.ar\/web\/wp-content\/uploads\/2014\/10\/formacion-analistas.png\" alt=\"formacion-analistas\" width=\"204\" height=\"155\" class=\"alignleft size-full wp-image-1198\" \/><\/a><a href=\"https:\/\/hstconsultora.com.ar\/web\/lean-manufacturing-y-la-mejora-continua\/\"><img loading=\"lazy\" decoding=\"async\" src=\"https:\/\/hstconsultora.com.ar\/web\/wp-content\/uploads\/2014\/10\/lean-manufacturing.png\" alt=\"lean-manufacturing\" width=\"203\" height=\"155\" class=\"alignleft size-full wp-image-1201\" style=\"padding-bottom:50px;\" \/><\/a><br \/>\n&nbsp;\n<\/div>\n<p>&nbsp;<br \/>\n&nbsp;<\/p>\n<div class=\"container\">\n<h2 style=\"padding-bottom:30px;\">Otras \u00e1reas de capacitaci\u00f3n y cursos (in company):<\/h2>\n<p><a href=\"https:\/\/hstconsultora.com.ar\/web\/cursos-y-programas-calidad\/\"><img loading=\"lazy\" decoding=\"async\" src=\"https:\/\/hstconsultora.com.ar\/web\/wp-content\/uploads\/2014\/10\/calidad.png\" alt=\"calidad\" width=\"596\" height=\"53\" class=\"alignnone size-full wp-image-952\" srcset=\"https:\/\/hstconsultora.com.ar\/web\/wp-content\/uploads\/2014\/10\/calidad.png 596w, https:\/\/hstconsultora.com.ar\/web\/wp-content\/uploads\/2014\/10\/calidad-300x26.png 300w\" sizes=\"auto, (max-width: 596px) 100vw, 596px\" \/><\/a><br \/>\n<a href=\"https:\/\/hstconsultora.com.ar\/web\/cursos-y-programas-management\/\"><img loading=\"lazy\" decoding=\"async\" src=\"https:\/\/hstconsultora.com.ar\/web\/wp-content\/uploads\/2014\/10\/management.png\" alt=\"management\" width=\"596\" height=\"53\" class=\"alignnone size-full wp-image-953\" srcset=\"https:\/\/hstconsultora.com.ar\/web\/wp-content\/uploads\/2014\/10\/management.png 596w, https:\/\/hstconsultora.com.ar\/web\/wp-content\/uploads\/2014\/10\/management-300x26.png 300w\" sizes=\"auto, (max-width: 596px) 100vw, 596px\" \/><\/a><br \/>\n<a href=\"https:\/\/hstconsultora.com.ar\/web\/cursos-y-programas-organizacion-y-gestion\/\"><img loading=\"lazy\" decoding=\"async\" src=\"https:\/\/hstconsultora.com.ar\/web\/wp-content\/uploads\/2014\/10\/gestion.png\" alt=\"gestion\" width=\"596\" height=\"53\" class=\"alignnone size-full wp-image-955\" srcset=\"https:\/\/hstconsultora.com.ar\/web\/wp-content\/uploads\/2014\/10\/gestion.png 596w, https:\/\/hstconsultora.com.ar\/web\/wp-content\/uploads\/2014\/10\/gestion-300x26.png 300w\" sizes=\"auto, (max-width: 596px) 100vw, 596px\" \/><\/a><br \/>\n<a href=\"https:\/\/hstconsultora.com.ar\/web\/cursos-y-programas-ventas\/\"><img loading=\"lazy\" decoding=\"async\" src=\"https:\/\/hstconsultora.com.ar\/web\/wp-content\/uploads\/2014\/10\/ventas.png\" alt=\"ventas\" width=\"596\" height=\"53\" class=\"alignnone size-full wp-image-956\" srcset=\"https:\/\/hstconsultora.com.ar\/web\/wp-content\/uploads\/2014\/10\/ventas.png 596w, https:\/\/hstconsultora.com.ar\/web\/wp-content\/uploads\/2014\/10\/ventas-300x26.png 300w\" sizes=\"auto, (max-width: 596px) 100vw, 596px\" \/><\/a><br \/>\n<a href=\"https:\/\/hstconsultora.com.ar\/web\/cursos-y-programas-produccion\/\"><img loading=\"lazy\" decoding=\"async\" src=\"https:\/\/hstconsultora.com.ar\/web\/wp-content\/uploads\/2014\/10\/produccion.png\" alt=\"produccion\" width=\"596\" height=\"53\" class=\"alignnone size-full wp-image-957\" srcset=\"https:\/\/hstconsultora.com.ar\/web\/wp-content\/uploads\/2014\/10\/produccion.png 596w, https:\/\/hstconsultora.com.ar\/web\/wp-content\/uploads\/2014\/10\/produccion-300x26.png 300w\" sizes=\"auto, (max-width: 596px) 100vw, 596px\" \/><\/a><br \/>\n<a href=\"https:\/\/hstconsultora.com.ar\/web\/cursos-y-programas-medio-ambiente-seguridad-ocupacional\/\"><img loading=\"lazy\" decoding=\"async\" src=\"https:\/\/hstconsultora.com.ar\/web\/wp-content\/uploads\/2014\/10\/medioambiente.png\" alt=\"medioambiente\" width=\"596\" height=\"53\" class=\"alignnone size-full wp-image-958\" srcset=\"https:\/\/hstconsultora.com.ar\/web\/wp-content\/uploads\/2014\/10\/medioambiente.png 596w, https:\/\/hstconsultora.com.ar\/web\/wp-content\/uploads\/2014\/10\/medioambiente-300x26.png 300w\" sizes=\"auto, (max-width: 596px) 100vw, 596px\" \/><\/a><br \/>\n<a href=\"https:\/\/hstconsultora.com.ar\/web\/cursos-y-programas-administracion-y-finanzas\/\"><img loading=\"lazy\" decoding=\"async\" src=\"https:\/\/hstconsultora.com.ar\/web\/wp-content\/uploads\/2014\/10\/administracion.png\" alt=\"administracion\" width=\"596\" height=\"53\" class=\"alignnone size-full wp-image-959\" srcset=\"https:\/\/hstconsultora.com.ar\/web\/wp-content\/uploads\/2014\/10\/administracion.png 596w, https:\/\/hstconsultora.com.ar\/web\/wp-content\/uploads\/2014\/10\/administracion-300x26.png 300w\" sizes=\"auto, (max-width: 596px) 100vw, 596px\" \/><\/a><br \/>\n<a href=\"https:\/\/hstconsultora.com.ar\/web\/cursos-y-programas-personal\/\"><img loading=\"lazy\" decoding=\"async\" src=\"https:\/\/hstconsultora.com.ar\/web\/wp-content\/uploads\/2014\/10\/personal.png\" alt=\"personal\" width=\"596\" height=\"53\" class=\"alignnone size-full wp-image-960\" srcset=\"https:\/\/hstconsultora.com.ar\/web\/wp-content\/uploads\/2014\/10\/personal.png 596w, https:\/\/hstconsultora.com.ar\/web\/wp-content\/uploads\/2014\/10\/personal-300x26.png 300w\" sizes=\"auto, (max-width: 596px) 100vw, 596px\" \/><\/a><br \/>\n<a href=\"https:\/\/hstconsultora.com.ar\/web\/cursos-y-programas-marketing\/\"><img loading=\"lazy\" decoding=\"async\" src=\"https:\/\/hstconsultora.com.ar\/web\/wp-content\/uploads\/2014\/10\/markeing.png\" alt=\"markeing\" width=\"596\" height=\"53\" class=\"alignnone size-full wp-image-961\" srcset=\"https:\/\/hstconsultora.com.ar\/web\/wp-content\/uploads\/2014\/10\/markeing.png 596w, https:\/\/hstconsultora.com.ar\/web\/wp-content\/uploads\/2014\/10\/markeing-300x26.png 300w\" sizes=\"auto, (max-width: 596px) 100vw, 596px\" \/><\/a><br \/>\n<a href=\"https:\/\/hstconsultora.com.ar\/web\/cursos-y-programas-eficiencia-energetica\/\"><img loading=\"lazy\" decoding=\"async\" src=\"https:\/\/hstconsultora.com.ar\/web\/wp-content\/uploads\/2014\/10\/eficienciaenergetica.png\" alt=\"eficienciaenergetica\" width=\"596\" height=\"53\" class=\"alignnone size-full wp-image-962\" srcset=\"https:\/\/hstconsultora.com.ar\/web\/wp-content\/uploads\/2014\/10\/eficienciaenergetica.png 596w, https:\/\/hstconsultora.com.ar\/web\/wp-content\/uploads\/2014\/10\/eficienciaenergetica-300x26.png 300w\" sizes=\"auto, (max-width: 596px) 100vw, 596px\" \/><\/a><\/p>\n<\/div>\n<div><\/br><\/div>\n<div><\/br><\/div>\n","protected":false},"excerpt":{"rendered":"<p>Pr\u00f3ximos Cursos y Programas: &nbsp; &nbsp; &nbsp; Otras \u00e1reas de capacitaci\u00f3n y cursos (in company):<\/p>\n","protected":false},"author":1,"featured_media":0,"parent":0,"menu_order":0,"comment_status":"closed","ping_status":"closed","template":"home2.php","meta":{"_bbp_topic_count":0,"_bbp_reply_count":0,"_bbp_total_topic_count":0,"_bbp_total_reply_count":0,"_bbp_voice_count":0,"_bbp_anonymous_reply_count":0,"_bbp_topic_count_hidden":0,"_bbp_reply_count_hidden":0,"_bbp_forum_subforum_count":0,"footnotes":""},"class_list":["post-932","page","type-page","status-publish","hentry"],"_links":{"self":[{"href":"https:\/\/hstconsultora.com.ar\/web\/wp-json\/wp\/v2\/pages\/932","targetHints":{"allow":["GET"]}}],"collection":[{"href":"https:\/\/hstconsultora.com.ar\/web\/wp-json\/wp\/v2\/pages"}],"about":[{"href":"https:\/\/hstconsultora.com.ar\/web\/wp-json\/wp\/v2\/types\/page"}],"author":[{"embeddable":true,"href":"https:\/\/hstconsultora.com.ar\/web\/wp-json\/wp\/v2\/users\/1"}],"replies":[{"embeddable":true,"href":"https:\/\/hstconsultora.com.ar\/web\/wp-json\/wp\/v2\/comments?post=932"}],"version-history":[{"count":0,"href":"https:\/\/hstconsultora.com.ar\/web\/wp-json\/wp\/v2\/pages\/932\/revisions"}],"wp:attachment":[{"href":"https:\/\/hstconsultora.com.ar\/web\/wp-json\/wp\/v2\/media?parent=932"}],"curies":[{"name":"wp","href":"https:\/\/api.w.org\/{rel}","templated":true}]}}