{"id":419,"date":"2013-07-11T01:59:18","date_gmt":"2013-07-11T01:59:18","guid":{"rendered":"http:\/\/hstconsultora.com.ar\/web\/?page_id=419"},"modified":"2019-11-03T16:03:24","modified_gmt":"2019-11-03T16:03:24","slug":"servicios","status":"publish","type":"page","link":"https:\/\/hstconsultora.com.ar\/web\/servicios\/","title":{"rendered":"Servicios"},"content":{"rendered":"<div><\/br><\/div>\n<div><\/br><\/div>\n<div><\/br><\/div>\n<div class=\"container\">\n<div class=\"container lh-1\"><div class=\"row\"><div class=\"span4\"><\/p>\n<h3><strong>Consultor\u00eda y Asesoramiento<\/strong><\/h3>\n<p>Administraci\u00f3n de Operaciones y Estrategia de Negocios. Desarrollo organizacional.<br \/>\nImplementaci\u00f3n de Sistemas de Gesti\u00f3n y Proyectos Ambientales (normas ISO 9000, ISO 14000, OHSAS 18000, ISO 27001, ISO 50001 y otras).<br \/>\nAuditorias ambientales, estudio de impacto ambiental, evaluaci\u00f3n y remediaciones de pasivos ambientales a trav\u00e9s de terceros, gesti\u00f3n de sistemas de seguridad y salud ocupacional.<br \/>\nCalidad y Mejora Continua, Proyectos Especiales.<\/p>\n<p><\/div><div class=\"span4\"><\/p>\n<h3><strong>Formaci\u00f3n de Personal<\/strong><\/h3>\n<p>Bajo la idea de \u201cgesti\u00f3n participativa\u201d entendemos que todos los miembros de la organizaci\u00f3n tienen capacidades propias para brindar en sus respectivos trabajos. Esas capacidades deben ser alimentadas y actualizadas de forma permanente, fundamentalmente porque el \u201cconocimiento\u201d es lo que posibilita que su empresa establezca diferencias en el mercado, pero tambi\u00e9n que los organismos p\u00fablicos puedan alcanzar cada vez patrones m\u00e1s altos de servicios a la comunidad.<\/div><\/p>\n<div class=\"span4\"> <\/p>\n<h3><strong>Proyectos Especiales<\/strong><\/h3>\n<p>Para nosotros, cada empresa o instituci\u00f3n tiene vida propia; nace, crece y se desarrolla seg\u00fan su propia cultura. Por este motivo entendemos que se necesitan \u201cproyectos a la medida de cada organizaci\u00f3n\u201d, comenzando por sus propias necesidades y las de sus clientes.<\/div><\/div>\n<\/div>\n<div><\/br><\/div>\n<div><\/br><\/div>\n<div class=\"container lh-1\"><div class=\"row\"><div class=\"span4\"><\/p>\n<h3><strong>Programas de Sustentabilidad y de Integridad<\/strong><\/h3>\n<p>Implementaci\u00f3n y certificaci\u00f3n, cuando corresponda, de Programas de Sustentabilidad y de Responsabilidad Social Empresaria (Norma ISO 26000 y otras), Balance Social, Programas de Integridad (Normas ISO 37001, IRAM 17450).<\/p>\n<p><\/div><div class=\"span4\"><\/p>\n<h3><strong><\/strong><\/h3>\n<p><\/div><\/p>\n<div class=\"span4\"> <\/p>\n<h3><strong><\/strong><\/h3>\n<p><\/div><\/div>\n<\/div>\n<div class=\"container\">\n<div class=\"row\">\n<div class=\"span12\">\n<hr class=\"m-tb-40\" \/>\n<\/div>\n<\/div>\n<div class=\"row\">\n<div class=\"span8\">\n<div class=\"more-info\">Para m\u00e1s informaci\u00f3n <span class=\"gray\">info@hstconsultora.com.ar<\/span><\/div>\n<\/div>\n<\/div>\n<\/div>\n<\/div>\n","protected":false},"excerpt":{"rendered":"<p>Para m\u00e1s informaci\u00f3n info@hstconsultora.com.ar<\/p>\n","protected":false},"author":1,"featured_media":0,"parent":0,"menu_order":0,"comment_status":"closed","ping_status":"closed","template":"fullwidth.php","meta":{"_bbp_topic_count":0,"_bbp_reply_count":0,"_bbp_total_topic_count":0,"_bbp_total_reply_count":0,"_bbp_voice_count":0,"_bbp_anonymous_reply_count":0,"_bbp_topic_count_hidden":0,"_bbp_reply_count_hidden":0,"_bbp_forum_subforum_count":0,"footnotes":""},"class_list":["post-419","page","type-page","status-publish","hentry"],"_links":{"self":[{"href":"https:\/\/hstconsultora.com.ar\/web\/wp-json\/wp\/v2\/pages\/419","targetHints":{"allow":["GET"]}}],"collection":[{"href":"https:\/\/hstconsultora.com.ar\/web\/wp-json\/wp\/v2\/pages"}],"about":[{"href":"https:\/\/hstconsultora.com.ar\/web\/wp-json\/wp\/v2\/types\/page"}],"author":[{"embeddable":true,"href":"https:\/\/hstconsultora.com.ar\/web\/wp-json\/wp\/v2\/users\/1"}],"replies":[{"embeddable":true,"href":"https:\/\/hstconsultora.com.ar\/web\/wp-json\/wp\/v2\/comments?post=419"}],"version-history":[{"count":0,"href":"https:\/\/hstconsultora.com.ar\/web\/wp-json\/wp\/v2\/pages\/419\/revisions"}],"wp:attachment":[{"href":"https:\/\/hstconsultora.com.ar\/web\/wp-json\/wp\/v2\/media?parent=419"}],"curies":[{"name":"wp","href":"https:\/\/api.w.org\/{rel}","templated":true}]}}