{"id":2461,"date":"2023-05-08T09:06:50","date_gmt":"2023-05-08T12:06:50","guid":{"rendered":"https:\/\/hstconsultora.com.ar\/web\/?page_id=2461"},"modified":"2023-05-08T09:07:45","modified_gmt":"2023-05-08T12:07:45","slug":"politicas","status":"publish","type":"page","link":"https:\/\/hstconsultora.com.ar\/web\/politicas\/","title":{"rendered":"Pol\u00edticas"},"content":{"rendered":"\n<p><br>En estos links puede acceder a nuestra:<\/p>\n\n\n\n<p><br><a href=\"https:\/\/hstconsultora.com.ar\/web\/wp-content\/uploads\/2023\/05\/POLITICA-DE-COMPLIANCE-HST-Consultora-Te\u0301cnica-V1.pdf\">Pol\u00edtica de compliance<\/a><br><br><a href=\"https:\/\/hstconsultora.com.ar\/web\/wp-content\/uploads\/2023\/05\/CODIGO-DE-ETICA-HST-Consultora-Te\u0301cnica-V1.pdf\">C\u00f3digo de \u00e9tica<\/a><br><br><a rel=\"noreferrer noopener\" href=\"https:\/\/hstconsultora.com.ar\/denuncias\/hst-consultora-tecnica\/\" target=\"_blank\">Canal de denuncias<\/a><\/p>\n","protected":false},"excerpt":{"rendered":"<p>En estos links puede acceder a nuestra: Pol\u00edtica de compliance C\u00f3digo de \u00e9tica Canal de denuncias<\/p>\n","protected":false},"author":1,"featured_media":0,"parent":0,"menu_order":0,"comment_status":"closed","ping_status":"closed","template":"","meta":{"_bbp_topic_count":0,"_bbp_reply_count":0,"_bbp_total_topic_count":0,"_bbp_total_reply_count":0,"_bbp_voice_count":0,"_bbp_anonymous_reply_count":0,"_bbp_topic_count_hidden":0,"_bbp_reply_count_hidden":0,"_bbp_forum_subforum_count":0,"footnotes":""},"class_list":["post-2461","page","type-page","status-publish","hentry"],"_links":{"self":[{"href":"https:\/\/hstconsultora.com.ar\/web\/wp-json\/wp\/v2\/pages\/2461","targetHints":{"allow":["GET"]}}],"collection":[{"href":"https:\/\/hstconsultora.com.ar\/web\/wp-json\/wp\/v2\/pages"}],"about":[{"href":"https:\/\/hstconsultora.com.ar\/web\/wp-json\/wp\/v2\/types\/page"}],"author":[{"embeddable":true,"href":"https:\/\/hstconsultora.com.ar\/web\/wp-json\/wp\/v2\/users\/1"}],"replies":[{"embeddable":true,"href":"https:\/\/hstconsultora.com.ar\/web\/wp-json\/wp\/v2\/comments?post=2461"}],"version-history":[{"count":3,"href":"https:\/\/hstconsultora.com.ar\/web\/wp-json\/wp\/v2\/pages\/2461\/revisions"}],"predecessor-version":[{"id":2466,"href":"https:\/\/hstconsultora.com.ar\/web\/wp-json\/wp\/v2\/pages\/2461\/revisions\/2466"}],"wp:attachment":[{"href":"https:\/\/hstconsultora.com.ar\/web\/wp-json\/wp\/v2\/media?parent=2461"}],"curies":[{"name":"wp","href":"https:\/\/api.w.org\/{rel}","templated":true}]}}