{"id":1748,"date":"2016-03-28T13:58:29","date_gmt":"2016-03-28T13:58:29","guid":{"rendered":"http:\/\/hstconsultora.com.ar\/web\/?page_id=1748"},"modified":"2016-05-12T15:57:01","modified_gmt":"2016-05-12T15:57:01","slug":"normas-iso-9000-iso-14000-ohsas-18000-y-otras","status":"publish","type":"page","link":"https:\/\/hstconsultora.com.ar\/web\/normas-iso-9000-iso-14000-ohsas-18000-y-otras\/","title":{"rendered":"Normas ISO 9000, ISO 14000, OHSAS 18000 y otras"},"content":{"rendered":"<div style=\"width:960px; margin:auto; margin-bottom:50px;\">\n<img decoding=\"async\" src=\"https:\/\/hstconsultora.com.ar\/web\/wp-content\/uploads\/2016\/03\/control-calidad.png\"><\/p>\n<h1>Normas ISO 9000, ISO 14000, OHSAS 18000 y otras<\/h1>\n<p><\/br><\/p>\n<p>Entre otras normativas internacionales implementamos las normas:<\/p>\n<ul>\n<li>ISO 9001:2015 (Gesti\u00f3n de la Calidad)<\/li>\n<li>ISO 14001:2015 (Gesti\u00f3n Ambiental)<\/li>\n<li>OHSAS 18001 (Seguridad y Salud en el Trabajo)<\/li>\n<li>ISO 27001 (Seguridad de la Informaci\u00f3n)<\/li>\n<li>ISO 22001 (Seguridad Alimentaria)<\/li>\n<li>ISO 50001 (Gesti\u00f3n de la Energ\u00eda)<\/li>\n<li>ISO 39001 (Seguridad Vial)<\/li>\n<li>ISO 26000 (Responsabilidad Social Empresaria)<\/li>\n<\/ul>\n<p><\/br><\/p>\n<p>Tenemos m\u00e1s de veinte a\u00f1os implementando estos sistemas de gesti\u00f3n en diversas empresas, organismos e instituciones, lo cual nos permite disponer de una gran experiencia y conocimientos confeccionando junto con las organizaciones dichos sistemas. De esta manera aseguramos a nuestros clientes el \u00e9xito no solo en la obtenci\u00f3n del certificado, sino fundamentalmente en la mejora de su gesti\u00f3n.\n<\/p>\n<p><\/br><\/p>\n<p><\/br><\/br><\/p>\n","protected":false},"excerpt":{"rendered":"<p>Normas ISO 9000, ISO 14000, OHSAS 18000 y otras Entre otras normativas internacionales implementamos las normas: ISO 9001:2015 (Gesti\u00f3n de<\/p>\n","protected":false},"author":1,"featured_media":0,"parent":0,"menu_order":0,"comment_status":"closed","ping_status":"closed","template":"home2.php","meta":{"_bbp_topic_count":0,"_bbp_reply_count":0,"_bbp_total_topic_count":0,"_bbp_total_reply_count":0,"_bbp_voice_count":0,"_bbp_anonymous_reply_count":0,"_bbp_topic_count_hidden":0,"_bbp_reply_count_hidden":0,"_bbp_forum_subforum_count":0,"footnotes":""},"class_list":["post-1748","page","type-page","status-publish","hentry"],"_links":{"self":[{"href":"https:\/\/hstconsultora.com.ar\/web\/wp-json\/wp\/v2\/pages\/1748","targetHints":{"allow":["GET"]}}],"collection":[{"href":"https:\/\/hstconsultora.com.ar\/web\/wp-json\/wp\/v2\/pages"}],"about":[{"href":"https:\/\/hstconsultora.com.ar\/web\/wp-json\/wp\/v2\/types\/page"}],"author":[{"embeddable":true,"href":"https:\/\/hstconsultora.com.ar\/web\/wp-json\/wp\/v2\/users\/1"}],"replies":[{"embeddable":true,"href":"https:\/\/hstconsultora.com.ar\/web\/wp-json\/wp\/v2\/comments?post=1748"}],"version-history":[{"count":0,"href":"https:\/\/hstconsultora.com.ar\/web\/wp-json\/wp\/v2\/pages\/1748\/revisions"}],"wp:attachment":[{"href":"https:\/\/hstconsultora.com.ar\/web\/wp-json\/wp\/v2\/media?parent=1748"}],"curies":[{"name":"wp","href":"https:\/\/api.w.org\/{rel}","templated":true}]}}