{"id":1142,"date":"2015-03-16T15:10:45","date_gmt":"2015-03-16T15:10:45","guid":{"rendered":"http:\/\/hstconsultora.com.ar\/web\/?page_id=1142"},"modified":"2015-03-20T20:14:41","modified_gmt":"2015-03-20T20:14:41","slug":"formacion-de-analistas-de-procesos-y-calidad","status":"publish","type":"page","link":"https:\/\/hstconsultora.com.ar\/web\/formacion-de-analistas-de-procesos-y-calidad\/","title":{"rendered":"Formaci\u00f3n de Analistas de Procesos y Calidad"},"content":{"rendered":"<p><span style=\"color: #008000;\">DIRIGIDO A<\/span><br \/>\nAnalistas de OyM, procesos o calidad; analistas funcionales; profesionales; gerentes o jefes de \u00e1reas de organizaci\u00f3n, procesos o calidad; auditores internos.<\/p>\n<p>&nbsp;<\/p>\n<p style=\"text-align: justify;\"><span style=\"color: #008000;\">ESTE CURSO LE PERMITIR\u00c1<\/span><br \/>\nObtener la competencia y conocimientos necesarios sobre la funci\u00f3n de Analista de Procesos, actualizada en funci\u00f3n de la nueva realidad de las organizaciones especialmente enfocada hacia la mejora continua.<br \/>\nIncorporar una moderna visi\u00f3n de los procesos de una organizaci\u00f3n, afianzada desde la aplicaci\u00f3n de las metodolog\u00edas de mejora continua y reingenier\u00eda.<br \/>\nAdaptar la funci\u00f3n de Analista actual al nuevo perfil requerido para el puesto.<\/p>\n<p>&nbsp;<\/p>\n<p style=\"text-align: justify;\"><span style=\"color: #008000;\">REQUISITOS PREVIOS METODOLOG\u00cdA<\/span><br \/>\nTener conocimientos de las funciones originales de las \u00e1reas o funciones relacionadas con organizaci\u00f3n y m\u00e9todos o procesos.<br \/>\nAprendizaje b\u00e1sico del trabajo en equipo mediante la pr\u00e1ctica. Experiencias fundamentadas en aportes te\u00f3ricos. Resoluci\u00f3n de ejercicios.<\/p>\n<p style=\"text-align: justify;\">\n<p>&nbsp;<\/p>\n<p><span style=\"color: #008000;\">TEMARIO<\/span><br \/>\n\u2022 Origen del cambio en la funci\u00f3n del Analista<br \/>\n\u2022 Impacto de la Calidad en la funci\u00f3n del Analista<br \/>\n\u2022 Visi\u00f3n hacia el Cliente, Visi\u00f3n de Proceso<br \/>\n\u2022 Cambios espec\u00edficos en las funciones y responsabilidades del Analista. Relaci\u00f3n con los sistemas inform\u00e1ticos y con la nueva visi\u00f3n de auditor\u00eda.<br \/>\n\u2022 Misi\u00f3n y funciones de las \u00e1reas de Procesos &amp; Calidad. Perfil del Analista de Procesos.<br \/>\n\u2022 Dise\u00f1o de Estructuras y Procesos<br \/>\n\u2022 Uso de nuevas herramientas para el an\u00e1lisis, dise\u00f1o e implementaci\u00f3n de procesos<br \/>\n\u2022 Normas de Calidad (ISO, IRAM); Modelos de excelencia (Premio Nacional)<br \/>\n\u2022 Metodolog\u00eda de resoluci\u00f3n de problemas y el rol del Analista<br \/>\n\u2022 Actividades pr\u00e1cticas<\/p>\n<p>&nbsp;<\/p>\n<p><span style=\"color: #008000;\">DATOS COMPLEMENTARIOS<\/span><br \/>\nDuraci\u00f3n: 24 hs<br \/>\nLugar y Fecha: A confirmar<br \/>\nArancel: <a href=\"https:\/\/hstconsultora.com.ar\/web\/formulario-solicitud-cursos-1\/\">Consultar<\/a><br \/>\nIncluye material did\u00e1ctico y coffee break.<br \/>\nBonificaciones por m\u00e1s de dos asistentes por empresa.<br \/>\nForma de pago (hasta 48 hs. antes del inicio del curso):<br \/>\nDep\u00f3sito en cualquier sucursal del Banco Supervielle, Cuenta Corriente<br \/>\nN\u00ba 057-00117581151-001, a nombre de HST Consultora T\u00e9cnica S.A.<br \/>\nEnv\u00ede al mail info@hstconsultora.com.ar, el aviso de dep\u00f3sito consignando:<br \/>\napellido y nombre del\/de los asistentes, d\u00eda e importe del dep\u00f3sito.<br \/>\nLos Recibos ser\u00e1n entregados el d\u00eda del curso.<br \/>\nContacto: info@hstconsultora.com.ar<br \/>\nSe entregar\u00e1n certificados de participaci\u00f3n.<br \/>\nLa realizaci\u00f3n est\u00e1 sujeta a la asistencia de un m\u00ednimo de participantes.<\/p>\n<p>&nbsp;<\/p>\n<p>&nbsp;<\/p>\n<p><span style=\"color: #008000;\">PLANTEL DOCENTE<\/span><\/p>\n<p style=\"text-align: justify;\"><strong>MARCELO ALCAIN<\/strong><br \/>\nLicenciado en Administraci\u00f3n-UBA. Posgrados en Especializaci\u00f3n en Gesti\u00f3n de Peque\u00f1as y Medianas Empresas, UBA, y en Gesti\u00f3n de la Calidad de la Universidad del Salvador. Doctorando en Administraci\u00f3n de la FCE-UBA. Profesor Adjunto Regular de Sistemas Administrativos, Direcci\u00f3n General y del Seminario de Integraci\u00f3n y Aplicaci\u00f3n, FCE-UBA. Profesor de la Maestr\u00eda en Gesti\u00f3n Empresaria de la Universidad Nacional de Luj\u00e1n; Profesor de la Maestr\u00eda en Alta Direcci\u00f3n de Empresas de la Universidad Abierta Interamericana. Dicta el Programa Ejecutivo \u201cGesti\u00f3n del Cliente PyME\u201d (M\u00f3dulo \u201cProductos y Servicios Transaccionales para Pymes\u201d), dentro del convenio firmado entre el Banco Santander R\u00edo y la Facultad de Ciencias Econ\u00f3micas de la UBA. Profesor Coordinador de las asignaturas Empresas, Gesti\u00f3n de Peque\u00f1as y Medianas Empresas y Administraci\u00f3n General de la Fundaci\u00f3n Sistema Educativo a Distancia \u201cHernandarias\u201d. Capacitador de las distintas modalidades (presencial, semipresencial y a distancia) del Centro de Pedagog\u00edas de Anticipaci\u00f3n (CePA &#8211; Secretar\u00eda de Educaci\u00f3n del GCABA). Consultor y capacitador en Calidad, Gesti\u00f3n Administrativa, Modelo de Atenci\u00f3n, Elaboraci\u00f3n de Procedimientos y Reingenier\u00eda de Procesos en: Unilever SA, Banco Columbia SA, Banco Hipotecario, Distal SRL, Facultad de Agronom\u00eda UBA. Se desempe\u00f1\u00f3 en \u00e1reas de procesos y calidad del Bco. Galicia. Actualmente trabaja en estas mismas \u00e1reas para el Bco. Supervielle.<br \/>\nHa dictado cursos y conferencias relacionados con Calidad Total y Formalizaci\u00f3n de procedimientos en diversos sitios.<\/p>\n<p style=\"text-align: justify;\"><strong>TOM\u00c1S CHAHIN<\/strong><br \/>\nEspecialista en Gestio\u0301n de la Calidad\u2013USAL. Licenciado en Administracio\u0301n-UBA. Consultor especializado en management y sistemas de calidad. Profesor Adjunto de Sistemas Administrativos y Calidad y Productividad en UBA. Profesor del posgrado \u201cAdministracio\u0301n de Organizaciones Financieras\u201d \u2013 UBA\/AMBA. Profesor de la maestri\u0301a en \u201cGestio\u0301n Empresaria\u201d \u2013 UN de La Pampa, Comahue y Luja\u0301n. Dicta el Programa Ejecutivo \u201cGestio\u0301n del Cliente PyME\u201d, convenio Banco Santander Ri\u0301o y la Facultad de Cs. Econ.-UBA. Examinador del Premio Nacional a la Calidad. Auditor Li\u0301der de Normas ISO 9000. Titular del Comite\u0301 de Prevencio\u0301n de Fraude Corporativo del IRAM. Expositor en Congresos, Seminarios y Conferencias sobre la especialidad. Autor de diversas publicaciones y trabajos de investigacio\u0301n referidos a la Administracio\u0301n, Reingenieri\u0301a, Calidad Total y Normas ISO 9000; entre otros.<\/p>\n<p><a href=\"https:\/\/hstconsultora.com.ar\/web\/formulario-de-inscripcion\/\"><img loading=\"lazy\" decoding=\"async\" class=\"alignleft size-full wp-image-990\" alt=\"btn_solicitar_info\" src=\"https:\/\/hstconsultora.com.ar\/web\/wp-content\/uploads\/2014\/10\/btn_inscribirse.png\" width=\"210\" height=\"58\" \/><\/a> <a href=\"https:\/\/hstconsultora.com.ar\/web\/formulario-solicitud-cursos-1\/\"><img loading=\"lazy\" decoding=\"async\" class=\"alignright size-full wp-image-990\" alt=\"btn_solicitar_info\" src=\"https:\/\/hstconsultora.com.ar\/web\/wp-content\/uploads\/2014\/10\/btn_solicitar_info1.png\" width=\"306\" height=\"58\" srcset=\"https:\/\/hstconsultora.com.ar\/web\/wp-content\/uploads\/2014\/10\/btn_solicitar_info1.png 306w, https:\/\/hstconsultora.com.ar\/web\/wp-content\/uploads\/2014\/10\/btn_solicitar_info1-300x58.png 300w\" sizes=\"auto, (max-width: 306px) 100vw, 306px\" \/><\/a><\/p>\n","protected":false},"excerpt":{"rendered":"<p>DIRIGIDO A Analistas de OyM, procesos o calidad; analistas funcionales; profesionales; gerentes o jefes de \u00e1reas de organizaci\u00f3n, procesos o<\/p>\n","protected":false},"author":1,"featured_media":0,"parent":0,"menu_order":0,"comment_status":"closed","ping_status":"closed","template":"","meta":{"_bbp_topic_count":0,"_bbp_reply_count":0,"_bbp_total_topic_count":0,"_bbp_total_reply_count":0,"_bbp_voice_count":0,"_bbp_anonymous_reply_count":0,"_bbp_topic_count_hidden":0,"_bbp_reply_count_hidden":0,"_bbp_forum_subforum_count":0,"footnotes":""},"class_list":["post-1142","page","type-page","status-publish","hentry"],"_links":{"self":[{"href":"https:\/\/hstconsultora.com.ar\/web\/wp-json\/wp\/v2\/pages\/1142","targetHints":{"allow":["GET"]}}],"collection":[{"href":"https:\/\/hstconsultora.com.ar\/web\/wp-json\/wp\/v2\/pages"}],"about":[{"href":"https:\/\/hstconsultora.com.ar\/web\/wp-json\/wp\/v2\/types\/page"}],"author":[{"embeddable":true,"href":"https:\/\/hstconsultora.com.ar\/web\/wp-json\/wp\/v2\/users\/1"}],"replies":[{"embeddable":true,"href":"https:\/\/hstconsultora.com.ar\/web\/wp-json\/wp\/v2\/comments?post=1142"}],"version-history":[{"count":0,"href":"https:\/\/hstconsultora.com.ar\/web\/wp-json\/wp\/v2\/pages\/1142\/revisions"}],"wp:attachment":[{"href":"https:\/\/hstconsultora.com.ar\/web\/wp-json\/wp\/v2\/media?parent=1142"}],"curies":[{"name":"wp","href":"https:\/\/api.w.org\/{rel}","templated":true}]}}