{"id":1062,"date":"2014-10-21T15:49:52","date_gmt":"2014-10-21T15:49:52","guid":{"rendered":"http:\/\/hstconsultora.com.ar\/web\/?page_id=1062"},"modified":"2015-04-20T17:49:00","modified_gmt":"2015-04-20T17:49:00","slug":"formacion-de-auditores-internos-de%e2%80%a8-los-sistemas-de-gestion-de-la-calidad-ambiental-y-seguridad-y-salud-en-el-trabajo","status":"publish","type":"page","link":"https:\/\/hstconsultora.com.ar\/web\/formacion-de-auditores-internos-de%e2%80%a8-los-sistemas-de-gestion-de-la-calidad-ambiental-y-seguridad-y-salud-en-el-trabajo\/","title":{"rendered":"Formaci\u00f3n de Auditores Internos de los Sistemas de Gesti\u00f3n de la Calidad, Ambiental y Seguridad y Salud en el Trabajo"},"content":{"rendered":"<p><span style=\"color: #008000;\">DIRIGIDO A<\/span><br \/>\nAnalistas de procesos o calidad, profesionales en relaci\u00f3n de dependencia e independientes, jefes y supervisores, personal en general que deban cumplir funciones como auditor interno.<br \/>\n&nbsp;<\/p>\n<p><span style=\"color: #008000;\">ESTE CURSO LE PERMITIR\u00c1<\/span><br \/>\nObtener la competencia y conocimientos necesarios para la realizaci\u00f3n de Auditor\u00edas Internas, comprendiendo la metodolog\u00eda y herramientas nece- sarias para su planificaci\u00f3n e implementaci\u00f3n.<br \/>\n&nbsp;<\/p>\n<p><span style=\"color: #008000;\">REQUISITOS PREVIOS METODOLOG\u00cdA<\/span><br \/>\n\u2022 Tener conocimientos de las normas ISO 9000, ISO 14000 y OHSAS 18000.<br \/>\n&nbsp;<\/p>\n<p><span style=\"color: #008000;\">TEMARIO<\/span><br \/>\n\u2022 Normas ISO 9000, ISO 14000 y OHS AS 18000. Generalidades y repaso.<br \/>\n\u2022 T\u00e9rminos y definiciones relacionados con la auditor\u00eda.<br \/>\n\u2022 Requisitos de la norma y sus fundamentos.<br \/>\n\u2022 Actividades relacionadas con el proceso de auditor\u00eda interna.<br \/>\n\u2022 Calificaci\u00f3n y perfil de los Auditores.<br \/>\n\u2022 Actividades pr\u00e1cticas y evaluaci\u00f3n.<br \/>\n&nbsp;<\/p>\n<p><span style=\"color: #008000;\">DATOS COMPLEMENTARIOS<\/span><br \/>\nDuraci\u00f3n: 24 hs.<br \/>\nFecha: Fines de junio \/ Primera quincena de Julio<br \/>\nFecha: Barrio de Recoleta &#8211; Ciudad Aut\u00f3noma de Buenos Aires<br \/>\nArancel: <a href=\"https:\/\/hstconsultora.com.ar\/web\/formulario-solicitud-cursos-1\/\">Consultar<\/a><br \/>\nIncluye material did\u00e1ctico y coffee break.<br \/>\nBonificaci\u00f3n del 5% en el sengudo asistente por empresa.<br \/>\nBonificaci\u00f3n del 10% para m\u00e1s de tres asistentes por empresa<br \/>\nForma de pago (hasta 48 hs. antes del inicio del curso:<br \/>\nDep\u00f3sito en cualquier sucursal del Banco Supervielle, Cuenta Corriente No 057-00117581151-001, a nombre de HST Consultora T\u00e9cnica S.A. Env\u00ede al mail capacitaciones@hstconsultora.com.ar, el aviso de dep\u00f3sito consignando: apellido y nombre del\/de los asistentes, d\u00eda e importe del dep\u00f3sito.<br \/>\nLos Recibos ser\u00e1n entregados el d\u00eda del curso.<br \/>\nSe entregar\u00e1n certificados de participaci\u00f3n.<br \/>\n&nbsp;<\/p>\n<p><span style=\"color: #008000;\">PLANTEL DOCENTE<\/span><\/p>\n<p><strong>MANUEL PARDO<\/strong><br \/>\nEspecialista en administraci\u00f3n de operaciones e ingenier\u00eda mec\u00e1nica. Consultor en operaciones y estrategia de negocios. Especialista en sistemas de gesti\u00f3n de calidad, medio ambiente y seguridad y salud ocupacional. Auditor L\u00edder de Normas ISO 9000. Ex Director de varias S.A. Ha desempe\u00f1ado funciones en Planificaci\u00f3n y Control en Empresas Automotrices y otras. Ha dictado cursos y seminarios sobre implementaci\u00f3n de sistemas en varias universidades, empresas y otros centros de difusi\u00f3n. Con m\u00e1s de 30 a\u00f1os de experiencia en el desarrollo de procesos industriales prestando servicios a distintas empresas del pa\u00eds y de Am\u00e9rica Latina, cuenta con avalada trayectoria en la formaci\u00f3n y conducci\u00f3n de equipos de trabajo, combinando habilidades profesionales para la optimizaci\u00f3n de los procesos y la mejora de la gesti\u00f3n empresaria.<\/p>\n<p><strong>H\u00c9CTOR MIGUEL CAPPIELLO<\/strong><br \/>\nMagister en Ingenieri\u0301a Ambiental\u2013UTN. Ingeniero Agro\u0301nomo-UBA. Consultor en Gestio\u0301n de la Calidad, Medio Ambiente y Salud Ocupacional. Presta asistencia te\u0301cnica en temas estrate\u0301gicos de Planificacio\u0301n, Organizacio\u0301n, Capacitacio\u0301n, Entrenamiento y Control de Procesos de la Produccio\u0301n. Identificacio\u0301n de Aspectos Ambientales y sus impactos Asociados. Asistencia para la interpretacio\u0301n de los requisitos legales vigentes de afectacio\u0301n de las actividades involucradas en los procesos en estudio. Consultor inscripto en el Registro de Consultores en Estudios de impacto ambiental. Profesor en el curso de Maestri\u0301a en Ingenieri\u0301a Ambiental Universidad Tecnolo\u0301gica Nacional Regional Buenos Aires.<\/p>\n<p><strong>TOM\u00c1S CHAHIN<\/strong><br \/>\nEspecialista en Gestio\u0301n de la Calidad\u2013USAL. Licenciado en Administracio\u0301n-UBA. Consultor especializado en management y sistemas de calidad. Profesor Adjunto de Sistemas Administrativos y Calidad y Productividad en UBA. Profesor del posgrado \u201cAdministracio\u0301n de Organizaciones Financieras\u201d \u2013 UBA\/AMBA. Profesor de la maestri\u0301a en \u201cGestio\u0301n Empresaria\u201d \u2013 UN de La Pampa, Comahue y Luja\u0301n. Dicta el Programa Ejecutivo \u201cGestio\u0301n del Cliente PyME\u201d, convenio Banco Santander Ri\u0301o y la Facultad de Cs. Econ.-UBA. Examinador del Premio Nacional a la Calidad. Auditor Li\u0301der de Normas ISO 9000. Titular del Comite\u0301 de Prevencio\u0301n de Fraude Corporativo del IRAM. Expositor en Congresos, Seminarios y Conferencias sobre la especialidad. Autor de diversas publicaciones y trabajos de investigacio\u0301n referidos a la Administracio\u0301n, Reingenieri\u0301a, Calidad Total y Normas ISO 9000; entre otros.<\/p>\n<p>&nbsp;<br \/>\n<a href=\"https:\/\/hstconsultora.com.ar\/web\/formulario-de-inscripcion\/\"><img loading=\"lazy\" decoding=\"async\" src=\"https:\/\/hstconsultora.com.ar\/web\/wp-content\/uploads\/2014\/10\/btn_inscribirse.png\" alt=\"btn_solicitar_info\" width=\"210\" height=\"58\" class=\"alignleft size-full wp-image-990\" \/><\/a> <a href=\"https:\/\/hstconsultora.com.ar\/web\/formulario-solicitud-cursos-1\/\"><img loading=\"lazy\" decoding=\"async\" src=\"https:\/\/hstconsultora.com.ar\/web\/wp-content\/uploads\/2014\/10\/btn_solicitar_info1.png\" alt=\"btn_solicitar_info\" width=\"306\" height=\"58\" class=\"alignright size-full wp-image-990\" srcset=\"https:\/\/hstconsultora.com.ar\/web\/wp-content\/uploads\/2014\/10\/btn_solicitar_info1.png 306w, https:\/\/hstconsultora.com.ar\/web\/wp-content\/uploads\/2014\/10\/btn_solicitar_info1-300x58.png 300w\" sizes=\"auto, (max-width: 306px) 100vw, 306px\" \/><\/a><\/p>\n","protected":false},"excerpt":{"rendered":"<p>DIRIGIDO A Analistas de procesos o calidad, profesionales en relaci\u00f3n de dependencia e independientes, jefes y supervisores, personal en general<\/p>\n","protected":false},"author":1,"featured_media":0,"parent":0,"menu_order":0,"comment_status":"closed","ping_status":"closed","template":"","meta":{"_bbp_topic_count":0,"_bbp_reply_count":0,"_bbp_total_topic_count":0,"_bbp_total_reply_count":0,"_bbp_voice_count":0,"_bbp_anonymous_reply_count":0,"_bbp_topic_count_hidden":0,"_bbp_reply_count_hidden":0,"_bbp_forum_subforum_count":0,"footnotes":""},"class_list":["post-1062","page","type-page","status-publish","hentry"],"_links":{"self":[{"href":"https:\/\/hstconsultora.com.ar\/web\/wp-json\/wp\/v2\/pages\/1062","targetHints":{"allow":["GET"]}}],"collection":[{"href":"https:\/\/hstconsultora.com.ar\/web\/wp-json\/wp\/v2\/pages"}],"about":[{"href":"https:\/\/hstconsultora.com.ar\/web\/wp-json\/wp\/v2\/types\/page"}],"author":[{"embeddable":true,"href":"https:\/\/hstconsultora.com.ar\/web\/wp-json\/wp\/v2\/users\/1"}],"replies":[{"embeddable":true,"href":"https:\/\/hstconsultora.com.ar\/web\/wp-json\/wp\/v2\/comments?post=1062"}],"version-history":[{"count":0,"href":"https:\/\/hstconsultora.com.ar\/web\/wp-json\/wp\/v2\/pages\/1062\/revisions"}],"wp:attachment":[{"href":"https:\/\/hstconsultora.com.ar\/web\/wp-json\/wp\/v2\/media?parent=1062"}],"curies":[{"name":"wp","href":"https:\/\/api.w.org\/{rel}","templated":true}]}}