{"id":1026,"date":"2014-10-14T16:19:09","date_gmt":"2014-10-14T16:19:09","guid":{"rendered":"http:\/\/hstconsultora.com.ar\/web\/?page_id=1026"},"modified":"2016-03-15T02:45:13","modified_gmt":"2016-03-15T02:45:13","slug":"cursos-y-programas-ventas","status":"publish","type":"page","link":"https:\/\/hstconsultora.com.ar\/web\/cursos-y-programas-ventas\/","title":{"rendered":"Cursos y Programas &#8211; Ventas"},"content":{"rendered":"<div class=\"container\">\n<\/br><\/p>\n<h2>Cursos:<\/h2>\n<div style=\"margin-left:20px;\">\n<ul>\n<li style=\"padding-bottom:15px;\">Atenci\u00f3n al cliente<\/li>\n<li style=\"padding-bottom:15px;\">Manejo de quejas y reclamos<\/li>\n<li style=\"padding-bottom:15px;\">Planeamiento comercial<\/li>\n<li>Formaci\u00f3n y conducci\u00f3n de equipos de ventas<\/li>\n<\/ul>\n<\/div>\n<p><\/br><br \/>\n<strong>NOTA:<\/strong> Los cursos referidos se encuentran programados con fecha de realizaci\u00f3n,<br \/>\ntambi\u00e9n se brindan \u201cin Company\u201d, previo acuerdo y condiciones con la empresa que lo solicite<\/p>\n<p>&nbsp;<br \/>\n<a href=\"https:\/\/hstconsultora.com.ar\/web\/formulario-solicitud-cursos-1\/\"><img loading=\"lazy\" decoding=\"async\" src=\"https:\/\/hstconsultora.com.ar\/web\/wp-content\/uploads\/2014\/10\/btn_solicitar_info1.png\" alt=\"btn_solicitar_info\" width=\"306\" height=\"58\" class=\"alignnone size-full wp-image-990\" srcset=\"https:\/\/hstconsultora.com.ar\/web\/wp-content\/uploads\/2014\/10\/btn_solicitar_info1.png 306w, https:\/\/hstconsultora.com.ar\/web\/wp-content\/uploads\/2014\/10\/btn_solicitar_info1-300x58.png 300w\" sizes=\"auto, (max-width: 306px) 100vw, 306px\" \/><\/a><\/p>\n<p><\/br><br \/>\n<\/br>\n<\/div>\n","protected":false},"excerpt":{"rendered":"<p>Cursos: Atenci\u00f3n al cliente Manejo de quejas y reclamos Planeamiento comercial Formaci\u00f3n y conducci\u00f3n de equipos de ventas NOTA: Los<\/p>\n","protected":false},"author":1,"featured_media":0,"parent":0,"menu_order":0,"comment_status":"closed","ping_status":"closed","template":"home2.php","meta":{"_bbp_topic_count":0,"_bbp_reply_count":0,"_bbp_total_topic_count":0,"_bbp_total_reply_count":0,"_bbp_voice_count":0,"_bbp_anonymous_reply_count":0,"_bbp_topic_count_hidden":0,"_bbp_reply_count_hidden":0,"_bbp_forum_subforum_count":0,"footnotes":""},"class_list":["post-1026","page","type-page","status-publish","hentry"],"_links":{"self":[{"href":"https:\/\/hstconsultora.com.ar\/web\/wp-json\/wp\/v2\/pages\/1026","targetHints":{"allow":["GET"]}}],"collection":[{"href":"https:\/\/hstconsultora.com.ar\/web\/wp-json\/wp\/v2\/pages"}],"about":[{"href":"https:\/\/hstconsultora.com.ar\/web\/wp-json\/wp\/v2\/types\/page"}],"author":[{"embeddable":true,"href":"https:\/\/hstconsultora.com.ar\/web\/wp-json\/wp\/v2\/users\/1"}],"replies":[{"embeddable":true,"href":"https:\/\/hstconsultora.com.ar\/web\/wp-json\/wp\/v2\/comments?post=1026"}],"version-history":[{"count":0,"href":"https:\/\/hstconsultora.com.ar\/web\/wp-json\/wp\/v2\/pages\/1026\/revisions"}],"wp:attachment":[{"href":"https:\/\/hstconsultora.com.ar\/web\/wp-json\/wp\/v2\/media?parent=1026"}],"curies":[{"name":"wp","href":"https:\/\/api.w.org\/{rel}","templated":true}]}}